{"id":12,"date":"2024-03-28T19:53:29","date_gmt":"2024-03-28T22:53:29","guid":{"rendered":"https:\/\/www.escuelagestandoyoga.com.ar\/?page_id=12"},"modified":"2024-08-16T15:20:36","modified_gmt":"2024-08-16T18:20:36","slug":"gestando-yoga","status":"publish","type":"page","link":"https:\/\/www.escuelagestandoyoga.com.ar\/","title":{"rendered":"Gestando Yoga"},"content":{"rendered":"\n<div class=\"wp-block-cover aligncenter is-light is-style-nopadding\" style=\"margin-top:0;margin-bottom:0;padding-top:var(--wp--preset--spacing--50);padding-bottom:var(--wp--preset--spacing--50);min-height:242px;aspect-ratio:unset;\"><div class=\"backgroundFull\"><span aria-hidden=\"true\" class=\"wp-block-cover__background has-background-dim\" style=\"background-color:#bdbdbd\"><span><\/span><\/span><img loading=\"lazy\" width=\"1440\" height=\"529\" class=\"wp-block-cover__image-background wp-image-14\" alt=\"\" src=\"https:\/\/www.escuelagestandoyoga.com.ar\/wp-content\/uploads\/2024\/03\/header.jpg\" style=\"object-position:44% 71%\" data-object-fit=\"cover\" data-object-position=\"44% 71%\" srcset=\"https:\/\/www.escuelagestandoyoga.com.ar\/wp-content\/uploads\/2024\/03\/header.jpg 1440w, https:\/\/www.escuelagestandoyoga.com.ar\/wp-content\/uploads\/2024\/03\/header-300x110.jpg 300w, https:\/\/www.escuelagestandoyoga.com.ar\/wp-content\/uploads\/2024\/03\/header-1024x376.jpg 1024w, https:\/\/www.escuelagestandoyoga.com.ar\/wp-content\/uploads\/2024\/03\/header-768x282.jpg 768w, https:\/\/www.escuelagestandoyoga.com.ar\/wp-content\/uploads\/2024\/03\/header-350x129.jpg 350w, https:\/\/www.escuelagestandoyoga.com.ar\/wp-content\/uploads\/2024\/03\/header-600x220.jpg 600w, https:\/\/www.escuelagestandoyoga.com.ar\/wp-content\/uploads\/2024\/03\/header-900x331.jpg 900w, https:\/\/www.escuelagestandoyoga.com.ar\/wp-content\/uploads\/2024\/03\/header-1200x441.jpg 1200w\" sizes=\"auto, (max-width: 1440px) 100vw, 1440px\" \/><\/div><div class=\"wp-block-cover__inner-container is-layout-constrained wp-container-core-cover-is-layout-5c411644 wp-block-cover-is-layout-constrained\">\n<h2 class=\"wp-block-heading has-text-align-center is-style-whiteBackground\" style=\"margin-top:0px;margin-right:var(--wp--preset--spacing--30);margin-bottom:0px\"><span><span><span><span><span><span><span><span><span><span><span><span><span><span><span><span>Escuela Gestando Yoga<\/span><\/span><\/span><\/span><\/span><\/span><\/span><\/span><\/span><\/span><\/span><\/span><\/span><\/span><\/span><\/span><\/h2>\n<\/div><\/div>\n\n\n\n<div class=\"wp-block-group is-style-shortWidth is-layout-constrained wp-container-core-group-is-layout-2c6d71a8 wp-block-group-is-layout-constrained\">\n<h2 class=\"wp-block-heading has-text-align-center is-style-nodeco has-small-font-size\"><span><span><span><span><span><span><span>Reconocete en tu espacio corporal<\/span><\/span><\/span><\/span><\/span><\/span><\/span><\/h2>\n\n\n\n<p>En nuestra escuela brindamos un \u00e1mbito de encuentro a trav\u00e9s del movimiento, en donde pod\u00e9s hallar parte de tu historia registrada en tu organismo, en tu forma de desplazarte, en tu flexibilidad, emociones aflorando en el equilibrio o en la fuerza.&nbsp;<\/p>\n\n\n\n<p>Nuestro cuerpo es movimiento a\u00fan en la quietud y para acceder a darnos la libertad de explorarlo y sentirlo tenemos distintas herramientas en cada clase.&nbsp;<\/p>\n\n\n\n<p>Nuestro cuerpo es nuestro territorio y en cada encuentro descubrimos caminos, dibujamos un nuevo mapa para llegar al destino, para darle aire al territorio vivo y para transformar el paisaje propio \u00a1Esperamos te sumes al viaje!<\/p>\n<\/div>\n\n\n\n<div class=\"wp-block-cover is-style-logo\" style=\"padding-top:var(--wp--preset--spacing--80);padding-bottom:var(--wp--preset--spacing--80)\"><div class=\"backgroundFull\"><span aria-hidden=\"true\" class=\"wp-block-cover__background has-violet-background-color has-background-dim-100 has-background-dim\"><span><\/span><\/span><\/div><div class=\"wp-block-cover__inner-container is-layout-constrained wp-block-cover-is-layout-constrained\">\n<h2 class=\"wp-block-heading has-text-align-center has-normal-font-size\"><span><span><span><span><span><span><span><span><span><span><span><span>CLASES<\/span><\/span><\/span><\/span><\/span><\/span><\/span><\/span><\/span><\/span><\/span><\/span><\/h2>\n\n\n<div style=\"border:#000 2px solid;background:#FFF;padding:5px;\">\n\t\t<p style=\"font-weight:bold;margin:0 0 20px\">Classes List<\/p>\n\t\t<div style=\"font-size:9px;\">\n\t\t<p style=\"margin:0;\">Amount: 4<\/p>\n\t\t<p style=\"margin:0;\">Hilighted Classes: <\/p>\n\t\t<p style=\"margin:0;\">Not visible Classes: <\/p>\n\t\t<\/div>\n\t\t<\/div>\n\n\n<div class=\"wp-block-buttons is-content-justification-center is-layout-flex wp-container-core-buttons-is-layout-a89b3969 wp-block-buttons-is-layout-flex\">\n<div class=\"wp-block-button\"><a class=\"wp-block-button__link has-black-color has-white-background-color has-text-color has-background has-link-color has-text-align-center wp-element-button\" href=\"https:\/\/www.escuelagestandoyoga.com.ar\/?page_id=169\">Ver m\u00e1s CLASES<\/a><\/div>\n<\/div>\n<\/div><\/div>\n\n\n\n<div class=\"wp-block-group is-layout-constrained wp-block-group-is-layout-constrained\">\n<div class=\"wp-block-group is-style-shortWidth is-layout-constrained wp-block-group-is-layout-constrained\">\t\t\t\t\t<div\n\t\t\t\t\t\tclass=\"wp-block-uagb-image-gallery uagb-block-9d7de98b     \"\n\t\t\t\t\t\tstyle=\"\"\n\t\t\t\t\t>\n\t\t\t\t\t\t\t\t\t\t\t<div class=\"spectra-image-gallery spectra-image-gallery__layout--carousel\">\n\t\t\t\t\t\t\t\t<div class=\"uagb-slick-carousel uagb-block-9d7de98b\">\n\t\t\t\t\t\t\t\t\t\t\t\t<div class='spectra-image-gallery__media-wrapper' data-spectra-gallery-image-id='375'>\n\t\t\t\t\t\t\t<div class=\"spectra-image-gallery__media spectra-image-gallery__media--carousel\">\n\t\t\t\t<picture>\n\t\t\t\t\t<source media=\"(min-width: 1024px)\" srcset=\"https:\/\/www.escuelagestandoyoga.com.ar\/wp-content\/uploads\/2024\/03\/20221013_115059-1024x472.jpg\">\n\t\t\t\t\t<source media=\"(min-width: 768px)\" srcset=\"https:\/\/www.escuelagestandoyoga.com.ar\/wp-content\/uploads\/2024\/03\/20221013_115059-1024x472.jpg\">\n\t\t\t\t\t<img class=\"spectra-image-gallery__media-thumbnail spectra-image-gallery__media-thumbnail--carousel\" src=\"https:\/\/www.escuelagestandoyoga.com.ar\/wp-content\/uploads\/2024\/03\/20221013_115059-300x138.jpg\" alt=\"\" loading=\"lazy\" \/>\n\t\t\t\t<\/picture>\n\t\t\t\t<div class=\"spectra-image-gallery__media-thumbnail-blurrer\"><\/div>\n\t\t\t\t\t\t\t\t\t\t\t<div class=\"spectra-image-gallery__media-thumbnail-caption-wrapper spectra-image-gallery__media-thumbnail-caption-wrapper--overlay\"><\/div>\n\t\t\t\t\t\t\t\t<\/div>\n\t\t\t\t\t\t<\/div>\n\t\t\t\t\t\t<div class='spectra-image-gallery__media-wrapper' data-spectra-gallery-image-id='374'>\n\t\t\t\t\t\t\t<div class=\"spectra-image-gallery__media spectra-image-gallery__media--carousel\">\n\t\t\t\t<picture>\n\t\t\t\t\t<source media=\"(min-width: 1024px)\" srcset=\"https:\/\/www.escuelagestandoyoga.com.ar\/wp-content\/uploads\/2024\/03\/20221005_184636-1024x472.jpg\">\n\t\t\t\t\t<source media=\"(min-width: 768px)\" srcset=\"https:\/\/www.escuelagestandoyoga.com.ar\/wp-content\/uploads\/2024\/03\/20221005_184636-1024x472.jpg\">\n\t\t\t\t\t<img class=\"spectra-image-gallery__media-thumbnail spectra-image-gallery__media-thumbnail--carousel\" src=\"https:\/\/www.escuelagestandoyoga.com.ar\/wp-content\/uploads\/2024\/03\/20221005_184636-300x138.jpg\" alt=\"\" loading=\"lazy\" \/>\n\t\t\t\t<\/picture>\n\t\t\t\t<div class=\"spectra-image-gallery__media-thumbnail-blurrer\"><\/div>\n\t\t\t\t\t\t\t\t\t\t\t<div class=\"spectra-image-gallery__media-thumbnail-caption-wrapper spectra-image-gallery__media-thumbnail-caption-wrapper--overlay\"><\/div>\n\t\t\t\t\t\t\t\t<\/div>\n\t\t\t\t\t\t<\/div>\n\t\t\t\t\t\t<div class='spectra-image-gallery__media-wrapper' data-spectra-gallery-image-id='346'>\n\t\t\t\t\t\t\t<div class=\"spectra-image-gallery__media spectra-image-gallery__media--carousel\">\n\t\t\t\t<picture>\n\t\t\t\t\t<source media=\"(min-width: 1024px)\" srcset=\"https:\/\/www.escuelagestandoyoga.com.ar\/wp-content\/uploads\/2024\/04\/biblio-1-1024x1024.jpg\">\n\t\t\t\t\t<source media=\"(min-width: 768px)\" srcset=\"https:\/\/www.escuelagestandoyoga.com.ar\/wp-content\/uploads\/2024\/04\/biblio-1-1024x1024.jpg\">\n\t\t\t\t\t<img class=\"spectra-image-gallery__media-thumbnail spectra-image-gallery__media-thumbnail--carousel\" src=\"https:\/\/www.escuelagestandoyoga.com.ar\/wp-content\/uploads\/2024\/04\/biblio-1-300x300.jpg\" alt=\"\" loading=\"lazy\" \/>\n\t\t\t\t<\/picture>\n\t\t\t\t<div class=\"spectra-image-gallery__media-thumbnail-blurrer\"><\/div>\n\t\t\t\t\t\t\t\t\t\t\t<div class=\"spectra-image-gallery__media-thumbnail-caption-wrapper spectra-image-gallery__media-thumbnail-caption-wrapper--overlay\"><\/div>\n\t\t\t\t\t\t\t\t<\/div>\n\t\t\t\t\t\t<\/div>\n\t\t\t\t\t\t<div class='spectra-image-gallery__media-wrapper' data-spectra-gallery-image-id='373'>\n\t\t\t\t\t\t\t<div class=\"spectra-image-gallery__media spectra-image-gallery__media--carousel\">\n\t\t\t\t<picture>\n\t\t\t\t\t<source media=\"(min-width: 1024px)\" srcset=\"https:\/\/www.escuelagestandoyoga.com.ar\/wp-content\/uploads\/2024\/03\/20220611_152713-768x1024.jpg\">\n\t\t\t\t\t<source media=\"(min-width: 768px)\" srcset=\"https:\/\/www.escuelagestandoyoga.com.ar\/wp-content\/uploads\/2024\/03\/20220611_152713-768x1024.jpg\">\n\t\t\t\t\t<img class=\"spectra-image-gallery__media-thumbnail spectra-image-gallery__media-thumbnail--carousel\" src=\"https:\/\/www.escuelagestandoyoga.com.ar\/wp-content\/uploads\/2024\/03\/20220611_152713-225x300.jpg\" alt=\"\" loading=\"lazy\" \/>\n\t\t\t\t<\/picture>\n\t\t\t\t<div class=\"spectra-image-gallery__media-thumbnail-blurrer\"><\/div>\n\t\t\t\t\t\t\t\t\t\t\t<div class=\"spectra-image-gallery__media-thumbnail-caption-wrapper spectra-image-gallery__media-thumbnail-caption-wrapper--overlay\"><\/div>\n\t\t\t\t\t\t\t\t<\/div>\n\t\t\t\t\t\t<\/div>\n\t\t\t\t\t\t<div class='spectra-image-gallery__media-wrapper' data-spectra-gallery-image-id='372'>\n\t\t\t\t\t\t\t<div class=\"spectra-image-gallery__media spectra-image-gallery__media--carousel\">\n\t\t\t\t<picture>\n\t\t\t\t\t<source media=\"(min-width: 1024px)\" srcset=\"https:\/\/www.escuelagestandoyoga.com.ar\/wp-content\/uploads\/2024\/03\/20220409_173656-1-1024x1024.jpg\">\n\t\t\t\t\t<source media=\"(min-width: 768px)\" srcset=\"https:\/\/www.escuelagestandoyoga.com.ar\/wp-content\/uploads\/2024\/03\/20220409_173656-1-1024x1024.jpg\">\n\t\t\t\t\t<img class=\"spectra-image-gallery__media-thumbnail spectra-image-gallery__media-thumbnail--carousel\" src=\"https:\/\/www.escuelagestandoyoga.com.ar\/wp-content\/uploads\/2024\/03\/20220409_173656-1-300x300.jpg\" alt=\"\" loading=\"lazy\" \/>\n\t\t\t\t<\/picture>\n\t\t\t\t<div class=\"spectra-image-gallery__media-thumbnail-blurrer\"><\/div>\n\t\t\t\t\t\t\t\t\t\t\t<div class=\"spectra-image-gallery__media-thumbnail-caption-wrapper spectra-image-gallery__media-thumbnail-caption-wrapper--overlay\"><\/div>\n\t\t\t\t\t\t\t\t<\/div>\n\t\t\t\t\t\t<\/div>\n\t\t\t\t\t\t\t\t\t\t\t<\/div>\n\t\t\t\t\t\t\t<\/div>\n\t\t\t\t\t\t\t\t\t\t\t<\/div>\n\t\t\t\t\t\t\t\t\t\t\t<div class='spectra-image-gallery__control-lightbox' tabindex='0'>\n\t\t\t\t\t\t\t\t\t\t\t<div class=\"swiper spectra-image-gallery__control-lightbox--main\" dir=\"\">\n\t\t\t\t\t<div class=\"swiper-wrapper\">\n\t\t\t\t\t\t\t\t\t\t\t\t\t\n\t\t\t\t\t\t\t<div class=\"swiper-slide\">\n\t\t\t\t\t\t\t\t<img class=\"swiper-lazy\" data-src=\"https:\/\/www.escuelagestandoyoga.com.ar\/wp-content\/uploads\/2024\/03\/20221013_115059-scaled.jpg\" alt=\"\"\/>\n\t\t\t\t\t\t\t\t<div class=\"swiper-lazy-preloader swiper-lazy-preloader-white\"><\/div>\n\t\t\t\t\t\t\t\t\t\t\t\t\t\t\t<\/div>\n\t\t\t\t\t\t\t\t\t\t\t\t\t\n\t\t\t\t\t\t\t<div class=\"swiper-slide\">\n\t\t\t\t\t\t\t\t<img class=\"swiper-lazy\" data-src=\"https:\/\/www.escuelagestandoyoga.com.ar\/wp-content\/uploads\/2024\/03\/20221005_184636-scaled.jpg\" alt=\"\"\/>\n\t\t\t\t\t\t\t\t<div class=\"swiper-lazy-preloader swiper-lazy-preloader-white\"><\/div>\n\t\t\t\t\t\t\t\t\t\t\t\t\t\t\t<\/div>\n\t\t\t\t\t\t\t\t\t\t\t\t\t\n\t\t\t\t\t\t\t<div class=\"swiper-slide\">\n\t\t\t\t\t\t\t\t<img class=\"swiper-lazy\" data-src=\"https:\/\/www.escuelagestandoyoga.com.ar\/wp-content\/uploads\/2024\/04\/biblio-1.jpg\" alt=\"\"\/>\n\t\t\t\t\t\t\t\t<div class=\"swiper-lazy-preloader swiper-lazy-preloader-white\"><\/div>\n\t\t\t\t\t\t\t\t\t\t\t\t\t\t\t<\/div>\n\t\t\t\t\t\t\t\t\t\t\t\t\t\n\t\t\t\t\t\t\t<div class=\"swiper-slide\">\n\t\t\t\t\t\t\t\t<img class=\"swiper-lazy\" data-src=\"https:\/\/www.escuelagestandoyoga.com.ar\/wp-content\/uploads\/2024\/03\/20220611_152713-scaled.jpg\" alt=\"\"\/>\n\t\t\t\t\t\t\t\t<div class=\"swiper-lazy-preloader swiper-lazy-preloader-white\"><\/div>\n\t\t\t\t\t\t\t\t\t\t\t\t\t\t\t<\/div>\n\t\t\t\t\t\t\t\t\t\t\t\t\t\n\t\t\t\t\t\t\t<div class=\"swiper-slide\">\n\t\t\t\t\t\t\t\t<img class=\"swiper-lazy\" data-src=\"https:\/\/www.escuelagestandoyoga.com.ar\/wp-content\/uploads\/2024\/03\/20220409_173656-1-scaled.jpg\" alt=\"\"\/>\n\t\t\t\t\t\t\t\t<div class=\"swiper-lazy-preloader swiper-lazy-preloader-white\"><\/div>\n\t\t\t\t\t\t\t\t\t\t\t\t\t\t\t<\/div>\n\t\t\t\t\t\t\t\t\t\t\t<\/div>\n\t\t\t\t\t<div class=\"swiper-button-next\"><\/div>\n\t\t\t\t\t<div class=\"swiper-button-prev\"><\/div>\n\t\t\t\t<\/div>\t\t\t\n\t\t\t\t\t\t\t\t\t\t\t\t\t\t\t\t\t\t\t\t\t\t\t\t\t\t\t\t\t\t\t\t<button class='spectra-image-gallery__control-lightbox--close' aria-label=\"Close\">\n\t\t\t\t\t\t\t\t\t\t\t\t\t<svg xmlns=\"https:\/\/www.w3.org\/2000\/svg\" viewBox= \"0 0 320 512\"><path d=\"M310.6 361.4c12.5 12.5 12.5 32.75 0 45.25C304.4 412.9 296.2 416 288 416s-16.38-3.125-22.62-9.375L160 301.3L54.63 406.6C48.38 412.9 40.19 416 32 416S15.63 412.9 9.375 406.6c-12.5-12.5-12.5-32.75 0-45.25l105.4-105.4L9.375 150.6c-12.5-12.5-12.5-32.75 0-45.25s32.75-12.5 45.25 0L160 210.8l105.4-105.4c12.5-12.5 32.75-12.5 45.25 0s12.5 32.75 0 45.25l-105.4 105.4L310.6 361.4z\"><\/path><\/svg>\n\t\t\t\t\t\t\t\t\t\t\t\t<\/button>\n\t\t\t\t\t\t\t\t\t\t\t\t\t<\/div>\n\t\t\t\t\t\t\t\t\t<\/div>\n<\/div>\n\n\n\n<div class=\"wp-block-cover is-style-logo\" style=\"padding-top:var(--wp--preset--spacing--80);padding-bottom:var(--wp--preset--spacing--80)\"><div class=\"backgroundFull\"><span aria-hidden=\"true\" class=\"wp-block-cover__background has-violet-background-color has-background-dim-100 has-background-dim\"><span><\/span><\/span><\/div><div class=\"wp-block-cover__inner-container is-layout-constrained wp-block-cover-is-layout-constrained\">\n<h2 class=\"wp-block-heading has-text-align-center has-normal-font-size\"><span><span><span><span><span><span><span><span><span><span><span><span><span><span>Talleres<\/span><\/span><\/span><\/span><\/span><\/span><\/span><\/span><\/span><\/span><\/span><\/span><\/span><\/span><\/h2>\n\n\n<div style=\"border:#000 2px solid;background:#FFF;padding:5px;\">\n\t\t<p style=\"font-weight:bold;margin:0 0 20px\">Workshops List<\/p>\n\t\t<div style=\"font-size:9px;\">\n\t\t<p style=\"margin:0;\">Amount: 4<\/p>\n\t\t<p style=\"margin:0;\">Hilighted Workshops: <\/p>\n\t\t<p style=\"margin:0;\">Not visible Workshops: <\/p>\n\t\t<\/div>\n\t\t<\/div>\n\n\n<div class=\"wp-block-buttons is-content-justification-center is-layout-flex wp-container-core-buttons-is-layout-a89b3969 wp-block-buttons-is-layout-flex\">\n<div class=\"wp-block-button\"><a class=\"wp-block-button__link has-black-color has-white-background-color has-text-color has-background has-link-color has-text-align-center wp-element-button\" href=\"https:\/\/www.escuelagestandoyoga.com.ar\/?page_id=173\">Ver m\u00e1s talleres<\/a><\/div>\n<\/div>\n<\/div><\/div>\n\n\n\n<div class=\"wp-block-cover is-light is-style-logo noPaddingBottom noMarginBottom\" style=\"margin-bottom:0\"><div class=\"backgroundFull\"><span aria-hidden=\"true\" class=\"wp-block-cover__background has-blue-background-color has-background-dim-100 has-background-dim\"><span><\/span><\/span><\/div><div class=\"wp-block-cover__inner-container is-layout-constrained wp-block-cover-is-layout-constrained\">\n<div class=\"wp-block-uagb-container uagb-block-91e6ff69 alignfull uagb-is-root-container\"><div class=\"uagb-container-inner-blocks-wrap\">\n<div class=\"wp-block-uagb-container uagb-block-bfc29374\">\n<div data-aos= \"fade-left\" data-aos-duration=\"400\" data-aos-delay=\"0\" data-aos-easing=\"ease\" data-aos-once=\"true\" class=\"wp-block-uagb-image alignleft uagb-block-fa94eb12 wp-block-uagb-image--layout-default wp-block-uagb-image--effect-static wp-block-uagb-image--align-left uag-hide-mob\"><figure class=\"wp-block-uagb-image__figure\"><img srcset=\"https:\/\/www.escuelagestandoyoga.com.ar\/wp-content\/uploads\/2024\/03\/prof.png ,https:\/\/www.escuelagestandoyoga.com.ar\/wp-content\/uploads\/2024\/03\/prof.png 780w, https:\/\/www.escuelagestandoyoga.com.ar\/wp-content\/uploads\/2024\/03\/prof.png 360w\" sizes=\"auto, (max-width: 480px) 150px\" src=\"https:\/\/www.escuelagestandoyoga.com.ar\/wp-content\/uploads\/2024\/03\/prof.png\" alt=\"\" class=\"uag-image-121\" width=\"271\" height=\"310\" title=\"prof\" loading=\"lazy\" role=\"img\"\/><\/figure><\/div>\n<\/div>\n\n\n\n<div class=\"wp-block-uagb-container uagb-block-dc17f74b\">\n<div class=\"wp-block-uagb-container uagb-block-261c9a92\">\n<div class=\"wp-block-uagb-container uag-hide-mob uagb-block-c4098281\">\n<h2 class=\"wp-block-heading has-text-align-left has-white-color has-text-color has-link-color has-normal-font-size wp-elements-f417b9f5f9641953173204dfce538db5\" style=\"margin-bottom:0;padding-right:0;padding-left:0\"><span><span><span><span><span><span><span><span><span><span><span><span><span><span>Formaci\u00f3n Profesional en Yoga<\/span><\/span><\/span><\/span><\/span><\/span><\/span><\/span><\/span><\/span><\/span><\/span><\/span><\/span><\/h2>\n\n\n\n<p class=\"has-text-align-left has-white-color has-text-color has-link-color wp-elements-0f6f38c94661219862cd889958699bc3\">Ofrecemos cursos completos de formaci\u00f3n para aquellos que sue\u00f1an con convertirse en docentes de yoga. Con un enfoque en la pr\u00e1ctica, la filosof\u00eda y la anatom\u00eda del yoga, nuestros cursos est\u00e1n dise\u00f1ados para brindarte las herramientas necesarias para inspirar y empoderar a tus futuros estudiantes. \u00danete a nosotros y haz de tu pasi\u00f3n por el yoga tu profesi\u00f3n.<\/p>\n\n\n\n<div class=\"wp-block-buttons is-content-justification-left is-layout-flex wp-container-core-buttons-is-layout-fc4fd283 wp-block-buttons-is-layout-flex\">\n<div class=\"wp-block-button\"><a class=\"wp-block-button__link has-black-color has-white-background-color has-text-color has-background has-link-color has-text-align-center wp-element-button\" href=\"https:\/\/www.escuelagestandoyoga.com.ar\/?page_id=171\">Ver CURSOS<\/a><\/div>\n<\/div>\n<\/div>\n\n\n\n<div class=\"wp-block-uagb-container uag-hide-desktop uag-hide-tab uagb-block-3650ee45\">\n<h2 class=\"wp-block-heading has-text-align-center has-white-color has-text-color has-link-color has-normal-font-size wp-elements-52857b5f97142ce17a4040ac1c590e42\" style=\"margin-bottom:0;padding-right:0;padding-left:0\"><span><span><span><span><span><span><span><span><span><span><span><span><span><span><span><span><span><span><span><span><span><span>Formaci\u00f3n Profesional en Yoga<\/span><\/span><\/span><\/span><\/span><\/span><\/span><\/span><\/span><\/span><\/span><\/span><\/span><\/span><\/span><\/span><\/span><\/span><\/span><\/span><\/span><\/span><\/h2>\n\n\n\n<p class=\"has-text-align-center has-white-color has-text-color has-link-color wp-elements-a3ab2e06d67267453d0e1d0b5cd7e86b\">Ofrecemos cursos completos de formaci\u00f3n para aquellos que sue\u00f1an con convertirse en docentes de yoga. Con un enfoque en la pr\u00e1ctica, la filosof\u00eda y la anatom\u00eda del yoga, nuestros cursos est\u00e1n dise\u00f1ados para brindarte las herramientas necesarias para inspirar y empoderar a tus futuros estudiantes. \u00danete a nosotros y haz de tu pasi\u00f3n por el yoga tu profesi\u00f3n.<\/p>\n\n\n\n<div class=\"wp-block-buttons is-content-justification-center is-layout-flex wp-container-core-buttons-is-layout-a89b3969 wp-block-buttons-is-layout-flex\">\n<div class=\"wp-block-button\"><a class=\"wp-block-button__link has-black-color has-white-background-color has-text-color has-background has-link-color has-text-align-center wp-element-button\" href=\"https:\/\/www.escuelagestandoyoga.com.ar\/?page_id=171\">Ver CURSOS<\/a><\/div>\n<\/div>\n<\/div>\n<\/div>\n<\/div>\n<\/div><\/div>\n<\/div><\/div>\n\n\n\n<div class=\"wp-block-group is-style-shortWidth is-layout-constrained wp-container-core-group-is-layout-2c6d71a8 wp-block-group-is-layout-constrained\">\n<h2 class=\"wp-block-heading has-text-align-center is-style-nodeco has-normal-font-size\"><span><span><span><span><span><span><span><span><span><span><span><span><span>Ubicaci\u00f3n<\/span><\/span><\/span><\/span><\/span><\/span><\/span><\/span><\/span><\/span><\/span><\/span><\/span><\/h2>\n\n\n\n<p class=\"has-text-align-center\">Tucum\u00e1n 890, Merlo, Provincia de Buenos Aires<\/p>\n<\/div>\n\n\n\t\t\t<div \n\t\t\tclass=\"wp-block-uagb-google-map uagb-google-map__wrap uagb-block-63b3db18     \"\n\t\t\tstyle=\"\" >\n\t\t\t\t<embed\n\t\t\t\t\tclass=\"uagb-google-map__iframe\"\n\t\t\t\t\ttitle=\"Google Map for \"\n\t\t\t\t\tsrc=\"https:\/\/maps.google.com\/maps?q=Tucum%C3%A1n%20890%2C%20Merlo%2C%20Provincia%20de%20Buenos%20Aires&z=16&hl=es&t=m&output=embed&iwloc=near\"\n\t\t\t\t\twidth=\"640\"\n\t\t\t\t\theight=\"500\"\n\t\t\t\t\tloading=\"lazy\"\n\t\t\t\t><\/embed>\n\t\t\t<\/div>\n\t\t\t","protected":false},"excerpt":{"rendered":"<p>Reconocete en tu espacio corporal En nuestra escuela brindamos un \u00e1mbito de encuentro a trav\u00e9s del movimiento, en donde pod\u00e9s hallar parte de tu historia registrada en tu organismo, en tu forma de desplazarte, en tu flexibilidad, emociones aflorando en el equilibrio o en la fuerza.&nbsp; Nuestro cuerpo es movimiento a\u00fan en la quietud y [&hellip;]<\/p>\n","protected":false},"author":1,"featured_media":0,"parent":0,"menu_order":0,"comment_status":"closed","ping_status":"closed","template":"","meta":{"_uag_custom_page_level_css":"","footnotes":""},"class_list":["post-12","page","type-page","status-publish","hentry"],"uagb_featured_image_src":{"full":false,"thumbnail":false,"medium":false,"medium_large":false,"large":false,"1536x1536":false,"2048x2048":false,"350w":false,"600w":false,"900w":false,"post-thumbnail":false,"twentytwenty-fullscreen":false},"uagb_author_info":{"display_name":"leops","author_link":"https:\/\/www.escuelagestandoyoga.com.ar\/?author=1"},"uagb_comment_info":0,"uagb_excerpt":"Reconocete en tu espacio corporal En nuestra escuela brindamos un \u00e1mbito de encuentro a trav\u00e9s del movimiento, en donde pod\u00e9s hallar parte de tu historia registrada en tu organismo, en tu forma de desplazarte, en tu flexibilidad, emociones aflorando en el equilibrio o en la fuerza.&nbsp; Nuestro cuerpo es movimiento a\u00fan en la quietud y&hellip;","_links":{"self":[{"href":"https:\/\/www.escuelagestandoyoga.com.ar\/index.php?rest_route=\/wp\/v2\/pages\/12","targetHints":{"allow":["GET"]}}],"collection":[{"href":"https:\/\/www.escuelagestandoyoga.com.ar\/index.php?rest_route=\/wp\/v2\/pages"}],"about":[{"href":"https:\/\/www.escuelagestandoyoga.com.ar\/index.php?rest_route=\/wp\/v2\/types\/page"}],"author":[{"embeddable":true,"href":"https:\/\/www.escuelagestandoyoga.com.ar\/index.php?rest_route=\/wp\/v2\/users\/1"}],"replies":[{"embeddable":true,"href":"https:\/\/www.escuelagestandoyoga.com.ar\/index.php?rest_route=%2Fwp%2Fv2%2Fcomments&post=12"}],"version-history":[{"count":103,"href":"https:\/\/www.escuelagestandoyoga.com.ar\/index.php?rest_route=\/wp\/v2\/pages\/12\/revisions"}],"predecessor-version":[{"id":632,"href":"https:\/\/www.escuelagestandoyoga.com.ar\/index.php?rest_route=\/wp\/v2\/pages\/12\/revisions\/632"}],"wp:attachment":[{"href":"https:\/\/www.escuelagestandoyoga.com.ar\/index.php?rest_route=%2Fwp%2Fv2%2Fmedia&parent=12"}],"curies":[{"name":"wp","href":"https:\/\/api.w.org\/{rel}","templated":true}]}}